{"id":1439,"date":"2019-08-13T11:52:34","date_gmt":"2019-08-13T09:52:34","guid":{"rendered":"https:\/\/www.mcg-opportunites.com\/?page_id=1439"},"modified":"2022-03-28T15:31:00","modified_gmt":"2022-03-28T13:31:00","slug":"mentions-legales","status":"publish","type":"page","link":"https:\/\/eg-opportunites.com\/index.php\/mentions-legales\/","title":{"rendered":"Mentions l\u00e9gales"},"content":{"rendered":"<p style=\"padding-left: 80px;\"><span>EG Opportunit\u00e9s<\/span><br data-rich-text-line-break=\"true\" \/><span>94 rue Servient, 69003 Lyon<\/span><br data-rich-text-line-break=\"true\" \/><br data-rich-text-line-break=\"true\" \/><span>contact@eg-opportunites.com<\/span><br \/>\n<strong>PROPRI\u00c9T\u00c9 INTELLECTUELLE<\/strong><br data-rich-text-line-break=\"true\" \/><span>Conform\u00e9ment \u00e0 la loi n\u00b02004-575 du 21 juin 2004 pour la confiance dans l\u2019\u00e9conomie num\u00e9rique, nous vous informons que le site internet www.mcgopportunites.com est la propri\u00e9t\u00e9 de EG Opportunit\u00e9s.<\/span><br data-rich-text-line-break=\"true\" \/><span>Tous les contenus pr\u00e9sents sur le site de EG Opportunit\u00e9s sont couverts par le droit d\u2019auteur. Toute reprise est d\u00e8s lors conditionn\u00e9e \u00e0 l\u2019accord de l\u2019auteur en vertu de l\u2019article L.122-4 du Code de la Propri\u00e9t\u00e9 Intellectuelle.<\/span><br \/>\nVous pouvez toutefois t\u00e9l\u00e9charger ou imprimer sur papier des pages et\/ou des parties du site EG Opportunit\u00e9s, \u00e0 des fins strictement personnelles, pour autant que vous ne supprimiez pas les mentions relatives au droit d\u2019auteur ou autres mentions concernant les droits de propri\u00e9t\u00e9 intellectuelle.<br \/>\nLe t\u00e9l\u00e9chargement ou toute autre forme de copie d\u2019informations pr\u00e9sentes sur le site de EG Opportunit\u00e9s ne vous conf\u00e8rent aucun droit sur ceux-ci. Vous ne pouvez ni reproduire (en tout ou en partie) ni transmettre (\u00e9lectroniquement ou de quelque autre mani\u00e8re) ni modifier, ni utiliser le site de EG Opportunit\u00e9s \u00e0 des fins publiques ou commerciales.<br \/>\nLe nom EG Opportunit\u00e9s ainsi que le logo correspondant \u00e0 ce nom est une marque d\u00e9pos\u00e9e. Vous ne pouvez reproduire, supprimer, r\u00e9utiliser ou modifier en aucune mani\u00e8re ce signe distinctif lorsqu\u2019il appara\u00eet sur les pages du site.<br \/>\n\u00ab En application de l\u2019article 27 de la loi 78-17 du 6 janvier 1978 dite \u00ab loi informatique et libert\u00e9 \u00bb, vous disposez d\u2019un droit d\u2019acc\u00e8s, de rectification et de retrait sur les donn\u00e9es vous concernant. Vous pouvez exercer ce droit \u00e0 tout moment en contactant MCG Opportunit\u00e9s par courrier \u00e9lectronique \u00e0 <span>contact@eg-opportunites.com<\/span>.<br \/>\nEG Managers s\u2019engage \u00e0 pr\u00e9server la confidentialit\u00e9 des informations fournies en ligne par l\u2019internaute.<br \/>\nEG Opportunit\u00e9s peut collecter des donn\u00e9es personnelles lorsque vous correspondez avec l\u2019entreprise, que vous consultez son site Internet, ou que vous lui envoyez un formulaire. Si vous ne souhaitez pas recevoir des informations de la part de EG Opportunit\u00e9s, nous vous prions de nous le signaler \u00e0 l\u2019adresse e-mail figurant au-dessus.<br \/>\nDans le cadre de la gestion des projets d&rsquo;acquisition ou de cession, EG Opportunit\u00e9s est susceptible de collecter des renseignements personnels par le biais de formulaire du site Internet www.mcgopportunites.com. En acceptant les conditions d\u2019utilisation, le candidat repreneur ou c\u00e9dant accepte que ses donn\u00e9es soient conserv\u00e9es au format num\u00e9rique dans une base de donn\u00e9es s\u00e9curis\u00e9e nous appartenant, et utilis\u00e9es par EG Opportunit\u00e9s dans le cadre exclusif des relations professionnelles et la recherche de missions. Les donn\u00e9es seront conserv\u00e9es pour une dur\u00e9e de deux ans \u00e0 compter de la date de soumission de celles-ci.<br \/>\nEG Opportunit\u00e9s s\u2019engage pour la confidentialit\u00e9 de ses clients et managers en mettant en place une clause de confidentialit\u00e9 prot\u00e9geant ses informations ainsi que celles de l\u2019intervenant et du client dans chaque contrat existant liant l\u2019entreprise \u00e0 ces derniers (engagement de confidentialit\u00e9, proposition d\u2019intervention, \u2026)<br \/>\nSi vous ne souhaitez pas que vos renseignements personnels soient communiqu\u00e9s \u00e0 des tiers, il vous est possible de vous y opposer au moment de la collecte ou \u00e0 tout moment.<br \/>\nLe site EG Opportunit\u00e9s peut utiliser des \u00ab cookies \u00bb qui vous identifient d\u00e8s votre connexion au site. Ces cookies ne contiennent aucune information personnelle vous concernant. Les cookies nous permettent uniquement d\u2019identifier les sections de notre site les plus fr\u00e9quent\u00e9es, les destinations des internautes et la dur\u00e9e de leur connexion au site. Vous pouvez \u00e0 tout moment refuser leur utilisation en param\u00e9trant votre navigateur, ou en consultant le site de la CNIL (www.cnil.fr) \u00e0 l\u2019adresse suivante :<br \/>\nhttp:\/\/www.cnil.fr\/vos-droits\/vos-traces\/les-cookies\/conseils-aux-internautes\/. Apr\u00e8s avoir param\u00e9tr\u00e9 votre navigateur pour refuser les cookies, certaines fonctionnalit\u00e9s ou pages du site ne seront plus accessibles.<br \/>\nLe site de EG Opportunit\u00e9s peut contenir des liens vers d\u2019autres sites. Nous d\u00e9clinons toute responsabilit\u00e9 quant aux pratiques et r\u00e8gles de confidentialit\u00e9 r\u00e9gissant ces sites.<\/p>\n","protected":false},"excerpt":{"rendered":"<p>MCG Opportunit\u00e9s<\/p>\n","protected":false},"author":1,"featured_media":0,"parent":0,"menu_order":6,"comment_status":"closed","ping_status":"closed","template":"","meta":{"_mi_skip_tracking":false,"_exactmetrics_sitenote_active":false,"_exactmetrics_sitenote_note":"","_exactmetrics_sitenote_category":0},"_links":{"self":[{"href":"https:\/\/eg-opportunites.com\/index.php\/wp-json\/wp\/v2\/pages\/1439"}],"collection":[{"href":"https:\/\/eg-opportunites.com\/index.php\/wp-json\/wp\/v2\/pages"}],"about":[{"href":"https:\/\/eg-opportunites.com\/index.php\/wp-json\/wp\/v2\/types\/page"}],"author":[{"embeddable":true,"href":"https:\/\/eg-opportunites.com\/index.php\/wp-json\/wp\/v2\/users\/1"}],"replies":[{"embeddable":true,"href":"https:\/\/eg-opportunites.com\/index.php\/wp-json\/wp\/v2\/comments?post=1439"}],"version-history":[{"count":2,"href":"https:\/\/eg-opportunites.com\/index.php\/wp-json\/wp\/v2\/pages\/1439\/revisions"}],"predecessor-version":[{"id":1635,"href":"https:\/\/eg-opportunites.com\/index.php\/wp-json\/wp\/v2\/pages\/1439\/revisions\/1635"}],"wp:attachment":[{"href":"https:\/\/eg-opportunites.com\/index.php\/wp-json\/wp\/v2\/media?parent=1439"}],"curies":[{"name":"wp","href":"https:\/\/api.w.org\/{rel}","templated":true}]}}