{"id":32,"date":"2017-08-06T07:24:34","date_gmt":"2017-08-06T07:24:34","guid":{"rendered":"http:\/\/webpentagon.com\/demo\/themeforest\/wordpress\/specialists\/?page_id=32"},"modified":"2025-10-09T11:07:48","modified_gmt":"2025-10-09T09:07:48","slug":"notre-metier","status":"publish","type":"page","link":"https:\/\/eg-opportunites.com\/index.php\/notre-metier\/","title":{"rendered":"A propos"},"content":{"rendered":"<p>[vc_row][vc_column][vc_column_text]<\/p>\n<div class=\"main-heading\">\n<h5 style=\"text-align: center;\">Notre m\u00e9tier<\/h5>\n<h3 style=\"text-align: center;\">Qui sommes nous ?<\/h3>\n<\/div>\n<p>[\/vc_column_text]        <div class=\"text-content\">\n            EG Opportunit\u00e9s est la seule entreprise sp\u00e9cialis\u00e9e dans le <b>conseil en croissance externe<\/b>\u00a0qui op\u00e8re sp\u00e9cifiquement sur le march\u00e9 de la reprise d\u2019entreprises \u00e0 la barre du tribunal (Distressed M&amp;A).<br \/>\nEG Opportunit\u00e9s accompagne ses clients, de la d\u00e9tection des cibles, d\u00e8s le moment de l\u2019ouverture des proc\u00e9dures jusqu\u2019\u00e0 la finalisation des n\u00e9gociations \u00e0 la barre du tribunal de commerce.<br \/>\nDepuis 2016, EG Opportunit\u00e9s intervient partout la France pour accompagner les entreprises en phase de croissance.\u00a0 A ce jour, l&rsquo;entreprise\u00a0 a d\u00e9j\u00e0 r\u00e9alis\u00e9 de nombreuses op\u00e9rations finalis\u00e9es avec succ\u00e8s.<\/p>\n<p><b><i>\u201cMettre notre savoir-faire et nos outils \u00e0 votre service pour ne pas manquer une seule opportunit\u00e9\u201d<\/i><\/b>                  \n        <\/div>\n        \n        [vc_video link=\u00a0\u00bbhttps:\/\/youtu.be\/3570Oxq0-D8?si=iOnWSPGuSmlYsHUP\u00a0\u00bb][\/vc_column][\/vc_row][vc_row][vc_column][vc_empty_space height=\u00a0\u00bb90px\u00a0\u00bb][\/vc_column][\/vc_row][vc_section full_width=\u00a0\u00bbstretch_row_content\u00a0\u00bb css=\u00a0\u00bb.vc_custom_1502102544598{background-color: #fafafa !important;}\u00a0\u00bb][vc_row][vc_column][vc_empty_space height=\u00a0\u00bb55px\u00a0\u00bb]\n        \n        <div class=\"main-heading text-center\">\n        <h5>Notre d\u00e9marche<\/h5><h3>De la d\u00e9tection des opportunit\u00e9s jusqu'au montage d\u2019un dossier<\/h3>        <\/div>\n\n         [vc_empty_space height=\u00a0\u00bb30px\u00a0\u00bb][\/vc_column][\/vc_row][vc_row][vc_column width=\u00a0\u00bb1\/2&Prime;]        <div class=\"text-content\">\n            <\/p>\n<h4>D\u00e9tection et s\u00e9lection<\/h4>\n<ul>\n<li><span style=\"font-weight: 400;\">D\u00e9finir les cibles potentielles (secteurs d\u2019activit\u00e9s, taille, zone g\u00e9ographique, \u00e9l\u00e9ments sp\u00e9cifiques de l\u2019actif, chiffres d\u2019affaires, \u2026) pour maximiser vos chances de succ\u00e8s<\/span><span style=\"font-weight: 400;\">,<\/span><\/li>\n<li><span style=\"font-weight: 400;\">Etudier les opportunit\u00e9s qualifi\u00e9es d\u00e8s leur identification, <\/span><\/li>\n<li><span style=\"font-weight: 400;\">\u00c9changer chaque trimestre sur la pertinence des cibles et des alertes pour r\u00e9pondre au mieux au besoin client.<\/span><\/li>\n<\/ul>\n<p>                  \n        <\/div>\n        \n        [\/vc_column][vc_column width=\u00a0\u00bb1\/2&Prime;]        <div class=\"text-content\">\n            <\/p>\n<h4>Montage et suivi des dossiers<\/h4>\n<ul>\n<li><span>Monter le dossier de reprise lorsqu&rsquo;une opportunit\u00e9 m\u00e9rite d&rsquo;\u00eatre approfondie (r\u00e9daction de l\u2019offre, pr\u00e9visionnels d\u2019activit\u00e9 et de tr\u00e9sorerie, valorisation, \u2026)<\/span><\/li>\n<li><span>D\u00e9poser le dossier dans le respect des exigences et r\u00e8gles l\u00e9gales,<\/span><\/li>\n<li><span>Assurer le suivi du dossier et les n\u00e9gociations tribunal, CE, partenaires de l\u2019entreprise (bailleur, \u2026),<\/span><\/li>\n<li><span>Accompagner les clients aux audiences et diff\u00e9rents rendez-vous (coaching, pr\u00e9paration, attitude, \u2026).<\/span><\/li>\n<\/ul>\n<p>                  \n        <\/div>\n        \n        [\/vc_column][\/vc_row][vc_row][vc_column][vc_empty_space height=\u00a0\u00bb90px\u00a0\u00bb][\/vc_column][\/vc_row][\/vc_section]<\/p>\n","protected":false},"excerpt":{"rendered":"<p>[vc_row][vc_column][vc_empty_space height=\u00a0\u00bb90px\u00a0\u00bb][\/vc_column][\/vc_row][vc_row][vc_column width=\u00a0\u00bb5\/12&Prime;][vc_column_text]<\/p>\n","protected":false},"author":1,"featured_media":1666,"parent":0,"menu_order":1,"comment_status":"closed","ping_status":"closed","template":"","meta":{"_mi_skip_tracking":false,"_exactmetrics_sitenote_active":false,"_exactmetrics_sitenote_note":"","_exactmetrics_sitenote_category":0},"_links":{"self":[{"href":"https:\/\/eg-opportunites.com\/index.php\/wp-json\/wp\/v2\/pages\/32"}],"collection":[{"href":"https:\/\/eg-opportunites.com\/index.php\/wp-json\/wp\/v2\/pages"}],"about":[{"href":"https:\/\/eg-opportunites.com\/index.php\/wp-json\/wp\/v2\/types\/page"}],"author":[{"embeddable":true,"href":"https:\/\/eg-opportunites.com\/index.php\/wp-json\/wp\/v2\/users\/1"}],"replies":[{"embeddable":true,"href":"https:\/\/eg-opportunites.com\/index.php\/wp-json\/wp\/v2\/comments?post=32"}],"version-history":[{"count":4,"href":"https:\/\/eg-opportunites.com\/index.php\/wp-json\/wp\/v2\/pages\/32\/revisions"}],"predecessor-version":[{"id":1667,"href":"https:\/\/eg-opportunites.com\/index.php\/wp-json\/wp\/v2\/pages\/32\/revisions\/1667"}],"wp:featuredmedia":[{"embeddable":true,"href":"https:\/\/eg-opportunites.com\/index.php\/wp-json\/wp\/v2\/media\/1666"}],"wp:attachment":[{"href":"https:\/\/eg-opportunites.com\/index.php\/wp-json\/wp\/v2\/media?parent=32"}],"curies":[{"name":"wp","href":"https:\/\/api.w.org\/{rel}","templated":true}]}}