{"id":33,"date":"2017-08-06T07:24:42","date_gmt":"2017-08-06T07:24:42","guid":{"rendered":"http:\/\/webpentagon.com\/demo\/themeforest\/wordpress\/specialists\/?page_id=33"},"modified":"2025-10-09T10:42:32","modified_gmt":"2025-10-09T08:42:32","slug":"services","status":"publish","type":"page","link":"https:\/\/eg-opportunites.com\/index.php\/services\/","title":{"rendered":"Services"},"content":{"rendered":"<p>[vc_row][vc_column][vc_empty_space height=\u00a0\u00bb90px\u00a0\u00bb][\/vc_column][\/vc_row][vc_row][vc_column offset=\u00a0\u00bbvc_col-lg-offset-1&Prime;][vc_column_text]<\/p>\n<div class=\"main-heading\">\n<h5 style=\"text-align: center;\">Notre valeur ajout\u00e9e<\/h5>\n<h3 style=\"text-align: center;\">EG Opportunit\u00e9s s&rsquo;appuient sur <span class=\"primary-color\"><span id=\"typed-strings\"><span>3 socles compl\u00e9mentaires\u00a0<\/span><\/span><span id=\"typed\" style=\"white-space: pre;\"><\/span><\/span><\/h3>\n<\/div>\n<p>[\/vc_column_text][vc_empty_space height=\u00a0\u00bb20px\u00a0\u00bb]        <div class=\"text-content\">\n            <\/p>\n<article class=\"text-token-text-primary w-full focus:outline-none [--shadow-height:45px] has-data-writing-block:pointer-events-none has-data-writing-block:-mt-(--shadow-height) has-data-writing-block:pt-(--shadow-height) [&amp;:has([data-writing-block])&gt;*]:pointer-events-auto scroll-mt-[calc(var(--header-height)+min(200px,max(70px,20svh)))]\" dir=\"auto\" data-turn-id=\"request-WEB:872e9bfe-cf3c-4b21-a895-25fe456139d2-1\" data-testid=\"conversation-turn-4\" data-scroll-anchor=\"true\" data-turn=\"assistant\" tabindex=\"-1\">\n<div class=\"text-base my-auto mx-auto pb-10 [--thread-content-margin:--spacing(4)] thread-sm:[--thread-content-margin:--spacing(6)] thread-lg:[--thread-content-margin:--spacing(16)] px-(--thread-content-margin)\">\n<div class=\"[--thread-content-max-width:40rem] thread-lg:[--thread-content-max-width:48rem] mx-auto max-w-(--thread-content-max-width) flex-1 group\/turn-messages focus-visible:outline-hidden relative flex w-full min-w-0 flex-col agent-turn\" tabindex=\"-1\">\n<div class=\"flex max-w-full flex-col grow\">\n<div data-message-author-role=\"assistant\" data-message-id=\"e7316778-40d1-4d04-97ff-2e173c2f7da1\" dir=\"auto\" class=\"min-h-8 text-message relative flex w-full flex-col items-end gap-2 text-start break-words whitespace-normal [.text-message+&amp;]:mt-5\" data-message-model-slug=\"gpt-5\">\n<div class=\"flex w-full flex-col gap-1 empty:hidden first:pt-[1px]\">\n<div class=\"markdown prose dark:prose-invert w-full break-words light markdown-new-styling\">\n<p data-start=\"0\" data-end=\"632\" data-is-last-node=\"\" data-is-only-node=\"\">EG Opportunit\u00e9s \u00e0 d\u00e9velopp\u00e9 Phenix Connect est la <strong data-start=\"22\" data-end=\"102\">premi\u00e8re plateforme en ligne d\u00e9di\u00e9e \u00e0 la reprise d\u2019entreprises en difficult\u00e9<\/strong>.<br \/>\n<br data-start=\"103\" data-end=\"106\" \/>Elle recense en temps r\u00e9el les <strong data-start=\"137\" data-end=\"194\">entreprises en redressement ou liquidation judiciaire<\/strong> partout en France, avec un acc\u00e8s simplifi\u00e9 aux informations essentielles : activit\u00e9, localisation, tribunal comp\u00e9tent, liquidateur.<br \/>\n<br data-start=\"326\" data-end=\"329\" \/>Accessible en quelques clics, Phenix Connect permet aux repreneurs, investisseurs et chefs d\u2019entreprise de <strong data-start=\"436\" data-end=\"487\">d\u00e9tecter rapidement les opportunit\u00e9s \u00e0 la barre<\/strong>.<br data-start=\"488\" data-end=\"491\" \/>Un abonnement mensuel donne acc\u00e8s aux coordonn\u00e9es compl\u00e8tes et \u00e0 un <strong data-start=\"559\" data-end=\"590\">accompagnehttps:\/\/www.phenixconnect.com\/ment personnalis\u00e9<\/strong> par nos experts en reprise d\u2019entreprises.<\/p>\n<p><strong><a href=\"https:\/\/www.phenixconnect.com\/\" target=\"_blank\" rel=\"noopener\">Pour d\u00e9couvrir Phenix Connect, cliqu\u00e9 ici<\/a><\/strong><\/p>\n<\/div>\n<\/div>\n<\/div>\n<\/div>\n<div class=\"z-0 flex min-h-[46px] justify-start\"><\/div>\n<div class=\"mt-3 w-full empty:hidden\">\n<div class=\"text-center\"><\/div>\n<\/div>\n<\/div>\n<\/div>\n<\/article>\n<p>                  \n        <\/div>\n        \n        [vc_empty_space height=\u00a0\u00bb20px\u00a0\u00bb][vc_single_image image=\u00a0\u00bb1645&Prime; img_size=\u00a0\u00bbfull\u00a0\u00bb][\/vc_column][\/vc_row][vc_row][vc_column][vc_empty_space height=\u00a0\u00bb90px\u00a0\u00bb][\/vc_column][\/vc_row][vc_section full_width=\u00a0\u00bbstretch_row_content\u00a0\u00bb css=\u00a0\u00bb.vc_custom_1502103303854{background-color: #fafafa !important;}\u00a0\u00bb][vc_row][vc_column][vc_empty_space height=\u00a0\u00bb55px\u00a0\u00bb]\n        \n        <div class=\"main-heading text-center\">\n        <h3>Nos offres<\/h3><p>Nous vous accompagnons dans la conduite de vos projets, selon vos besoins.<\/p>        <\/div>\n\n         [vc_empty_space height=\u00a0\u00bb70px\u00a0\u00bb][\/vc_column][\/vc_row][vc_row][vc_column width=\u00a0\u00bb1\/3&Prime;]        <div class=\"service-box\">\n            <i class=\"icon-image\"><\/i>\n            <h4>Ciblage et d\u00e9tection des opportunit\u00e9s<\/h4>\n            <p>Mandat de recherche d'acquisition<br \/>\npar abonnement annuel<\/p>\n        <\/div>\n\n        [\/vc_column][vc_column width=\u00a0\u00bb1\/3&Prime;]        <div class=\"service-box\">\n            <i class=\"icon-image\"><\/i>\n            <h4>Montage du dossier<\/h4>\n            <p>R\u00e9daction de l'offre de reprise en respect du cadre l\u00e9gal et de la coh\u00e9rence \u00e9conomique<\/p>\n        <\/div>\n\n        [\/vc_column][vc_column width=\u00a0\u00bb1\/3&Prime;]        <div class=\"service-box\">\n            <i class=\"icon-image\"><\/i>\n            <h4>D\u00e9fense de l'offre<\/h4>\n            <p>Accompagnement lors des rendez-vous avec les organes de la proc\u00e9dure et lors de l'audience.<\/p>\n        <\/div>\n\n        [\/vc_column][\/vc_row][\/vc_section][vc_row][vc_column][vc_empty_space height=\u00a0\u00bb90px\u00a0\u00bb]\n        \n        <div class=\"main-heading text-left\">\n        <h3>Pour en savoir plus ou nous parler d'un projet<\/h3>        <\/div>\n\n         [vc_empty_space][\/vc_column][\/vc_row][vc_row][vc_column][button btn_content=\u00a0\u00bbContactez-nous\u00a0\u00bb btn_link=\u00a0\u00bbhttp:\/\/eg-opportunites.com\/index.php\/contact\/\u00a0\u00bb][\/vc_column][\/vc_row][vc_row][vc_column][vc_empty_space height=\u00a0\u00bb60px\u00a0\u00bb][\/vc_column][\/vc_row]<\/p>\n","protected":false},"excerpt":{"rendered":"<p>[vc_row][vc_column][vc_empty_space height=\u00a0\u00bb90px\u00a0\u00bb][\/vc_column][\/vc_row][vc_row][vc_column width=\u00a0\u00bb6\/12&Prime;][vc_single_image image=\u00a0\u00bb474&Prime;][\/vc_column][vc_column width=\u00a0\u00bb5\/12&Prime; offset=\u00a0\u00bbvc_col-lg-offset-1&Prime;][vc_column_text]<\/p>\n","protected":false},"author":1,"featured_media":65,"parent":0,"menu_order":12,"comment_status":"closed","ping_status":"closed","template":"","meta":{"_mi_skip_tracking":false,"_exactmetrics_sitenote_active":false,"_exactmetrics_sitenote_note":"","_exactmetrics_sitenote_category":0},"_links":{"self":[{"href":"https:\/\/eg-opportunites.com\/index.php\/wp-json\/wp\/v2\/pages\/33"}],"collection":[{"href":"https:\/\/eg-opportunites.com\/index.php\/wp-json\/wp\/v2\/pages"}],"about":[{"href":"https:\/\/eg-opportunites.com\/index.php\/wp-json\/wp\/v2\/types\/page"}],"author":[{"embeddable":true,"href":"https:\/\/eg-opportunites.com\/index.php\/wp-json\/wp\/v2\/users\/1"}],"replies":[{"embeddable":true,"href":"https:\/\/eg-opportunites.com\/index.php\/wp-json\/wp\/v2\/comments?post=33"}],"version-history":[{"count":5,"href":"https:\/\/eg-opportunites.com\/index.php\/wp-json\/wp\/v2\/pages\/33\/revisions"}],"predecessor-version":[{"id":1647,"href":"https:\/\/eg-opportunites.com\/index.php\/wp-json\/wp\/v2\/pages\/33\/revisions\/1647"}],"wp:featuredmedia":[{"embeddable":true,"href":"https:\/\/eg-opportunites.com\/index.php\/wp-json\/wp\/v2\/media\/65"}],"wp:attachment":[{"href":"https:\/\/eg-opportunites.com\/index.php\/wp-json\/wp\/v2\/media?parent=33"}],"curies":[{"name":"wp","href":"https:\/\/api.w.org\/{rel}","templated":true}]}}