{"id":41,"date":"2017-08-06T07:25:49","date_gmt":"2017-08-06T07:25:49","guid":{"rendered":"http:\/\/webpentagon.com\/demo\/themeforest\/wordpress\/specialists\/?page_id=41"},"modified":"2025-10-09T11:19:26","modified_gmt":"2025-10-09T09:19:26","slug":"accueil","status":"publish","type":"page","link":"https:\/\/eg-opportunites.com\/","title":{"rendered":"Accueil"},"content":{"rendered":"<p>[vc_row full_width=\u00a0\u00bbstretch_row_content_no_spaces\u00a0\u00bb][vc_column]    <div class=\"swiper-container\">\n        <div class=\"swiper-wrapper\" data-swiper-autoplay=\"2000\">\n                                    <div class=\"swiper-slide\" style=\"background-image: url(https:\/\/eg-opportunites.com\/wp-content\/uploads\/2025\/10\/reference.png);\">\n                            <h2 data-caption-animate=\"fadeInUp\">Nos r\u00e9f\u00e9rences<\/h2>\n                            <h5>Consultez les clients qui nous ont fait confiance pour les accompagner dans leur projet de croissance externe. <\/h5>\n                            <a href=\"http:\/\/eg-opportunites.com\/index.php\/references-distressed\/\" class=\"button button-simple mt-20 mb-20\">Nos r\u00e9f\u00e9rences<\/a>\n                        <\/div>\n\n                                        <div class=\"swiper-slide\" style=\"background-image: url(https:\/\/eg-opportunites.com\/wp-content\/uploads\/2025\/10\/Design-sans-titre.png);\">\n                            <h2 data-caption-animate=\"fadeInUp\">Notre m\u00e9tier<\/h2>\n                            <h5>\u201cMettre notre savoir-faire et nos outils \u00e0 votre service pour ne pas manquer une seule opportunit\u00e9\u201d<\/h5>\n                            <a href=\"http:\/\/eg-opportunites.com\/index.php\/notre-metier\/\" class=\"button button-simple mt-20 mb-20\">Notre m\u00e9tier<\/a>\n                        <\/div>\n\n                \n            <\/div>\n            <div class=\"swiper-pagination\"><\/div>\n            <div class=\"swiper-button-next\"><\/div>\n            <div class=\"swiper-button-prev\"><\/div>\n        <\/div>\n\n\n        [\/vc_column][\/vc_row][vc_row][vc_column][vc_empty_space height=\u00a0\u00bb90px\u00a0\u00bb]\n        \n        <div class=\"main-heading text-center\">\n        <h3>EG Opportunit\u00e9s accompagne les dirigeants d\u2019entreprise dans leur projet de croissance externe sur les dossiers tr\u00e8s sp\u00e9cifiques de reprise d\u2019entreprises \u00e0 la barre du tribunal.<\/h3>        <\/div>\n\n         [vc_empty_space height=\u00a0\u00bb70px\u00a0\u00bb][\/vc_column][\/vc_row][vc_row][vc_column][vc_empty_space height=\u00a0\u00bb90px\u00a0\u00bb][\/vc_column][\/vc_row][vc_section full_width=\u00a0\u00bbstretch_row_content\u00a0\u00bb css=\u00a0\u00bb.vc_custom_1502018764823{padding-top: 90px !important;padding-bottom: 90px !important;background-color: #fafafa !important;}\u00a0\u00bb][vc_row][vc_column width=\u00a0\u00bb5\/12&Prime;]\n        \n        <div class=\"main-heading text-left\">\n        <h5>Croissance Externe<\/h5><h3>EG Opportunit\u00e9s change le visage de la reprise d\u2019entreprises en difficult\u00e9s !<\/h3>        <\/div>\n\n         [vc_column_text]<\/p>\n<div class=\"text-content mt-20\">\n<article class=\"text-token-text-primary w-full focus:outline-none [--shadow-height:45px] has-data-writing-block:pointer-events-none has-data-writing-block:-mt-(--shadow-height) has-data-writing-block:pt-(--shadow-height) [&amp;:has([data-writing-block])&gt;*]:pointer-events-auto scroll-mt-[calc(var(--header-height)+min(200px,max(70px,20svh)))]\" dir=\"auto\" data-turn-id=\"00591106-5bb1-43c7-9dcd-a21ae5e78296\" data-testid=\"conversation-turn-2\" data-scroll-anchor=\"true\" data-turn=\"assistant\" tabindex=\"-1\">\n<div class=\"text-base my-auto mx-auto pb-10 [--thread-content-margin:--spacing(4)] thread-sm:[--thread-content-margin:--spacing(6)] thread-lg:[--thread-content-margin:--spacing(16)] px-(--thread-content-margin)\">\n<div class=\"[--thread-content-max-width:40rem] thread-lg:[--thread-content-max-width:48rem] mx-auto max-w-(--thread-content-max-width) flex-1 group\/turn-messages focus-visible:outline-hidden relative flex w-full min-w-0 flex-col agent-turn\" tabindex=\"-1\">\n<div class=\"flex max-w-full flex-col grow\">\n<div data-message-author-role=\"assistant\" data-message-id=\"70c25ceb-d763-42c5-8b95-91b9668f01c5\" dir=\"auto\" class=\"min-h-8 text-message relative flex w-full flex-col items-end gap-2 text-start break-words whitespace-normal [.text-message+&amp;]:mt-5\" data-message-model-slug=\"gpt-5\">\n<div class=\"flex w-full flex-col gap-1 empty:hidden first:pt-[1px]\">\n<div class=\"markdown prose dark:prose-invert w-full break-words light markdown-new-styling\">\n<p data-start=\"0\" data-end=\"478\" data-is-last-node=\"\" data-is-only-node=\"\">EG Opportunit\u00e9s accompagne les dirigeants dans leurs projets de <strong data-start=\"64\" data-end=\"86\">croissance externe<\/strong> \u00e0 travers la <strong data-start=\"100\" data-end=\"139\">reprise d\u2019entreprises en difficult\u00e9<\/strong>.<br data-start=\"140\" data-end=\"143\" \/>Notre expertise s\u2019appuie sur une parfaite connaissance du <strong data-start=\"201\" data-end=\"234\">cadre juridique et \u00e9conomique<\/strong> des proc\u00e9dures collectives.<br data-start=\"262\" data-end=\"265\" \/>Nous identifions les <strong data-start=\"286\" data-end=\"327\">opportunit\u00e9s \u00e0 la barre des tribunaux<\/strong> et accompagnons les repreneurs \u00e0 chaque \u00e9tape du processus.<br data-start=\"387\" data-end=\"390\" \/>Avec EG Opportunit\u00e9s, transformez la reprise en <strong data-start=\"438\" data-end=\"477\">levier de d\u00e9veloppement strat\u00e9gique<\/strong>.<\/p>\n<\/div>\n<\/div>\n<\/div>\n<\/div>\n<div class=\"z-0 flex min-h-[46px] justify-start\"><\/div>\n<div class=\"mt-3 w-full empty:hidden\">\n<div class=\"text-center\"><\/div>\n<\/div>\n<\/div>\n<\/div>\n<\/article>\n<div aria-hidden=\"true\" data-edge=\"true\" class=\"pointer-events-none h-px w-px\"><\/div>\n<\/div>\n<p>[\/vc_column_text][button btn_content=\u00a0\u00bbEn savoir plus\u00a0\u00bb btn_link=\u00a0\u00bbhttp:\/\/eg-opportunites.com\/index.php\/2017\/09\/29\/mcg-opportunites-reprise-entreprises-difficultes\/\u00a0\u00bb btn_style_class=\u00a0\u00bb\u00a0\u00bb][\/vc_column][vc_column width=\u00a0\u00bb1\/2&Prime; offset=\u00a0\u00bbvc_col-lg-offset-1&Prime;][vc_single_image image=\u00a0\u00bb1663&Prime; img_size=\u00a0\u00bbfull\u00a0\u00bb][\/vc_column][\/vc_row][\/vc_section][vc_row bg_style_img=\u00a0\u00bb1670&Prime;][vc_column width=\u00a0\u00bb1\/4&Prime;]\n        <div class=\"counter-item\">\n            <i class=\"icon-user-1\"><\/i>\n            <h4 class=\"countup\">70000<\/h4>\n            <p>D\u00e9faillances d\u2019entreprise chaque ann\u00e9e<\/p>\n        <\/div>  \n\n        [\/vc_column][vc_column width=\u00a0\u00bb1\/4&Prime;]\n        <div class=\"counter-item\">\n            <i class=\"icon-shield\"><\/i>\n            <h4 class=\"countup\">15000<\/h4>\n            <p>Opportunit\u00e9s \u00e0 la recherche d'un repreneur<\/p>\n        <\/div>  \n\n        [\/vc_column][vc_column width=\u00a0\u00bb1\/4&Prime;]\n        <div class=\"counter-item\">\n            <i class=\"fa fa-search-plus\"><\/i>\n            <h4 class=\"countup\">60<\/h4>\n            <p>Mandats de recherche d'acquisition en cours chez EG Opportunit\u00e9s<\/p>\n        <\/div>  \n\n        [\/vc_column][vc_column width=\u00a0\u00bb1\/4&Prime;]\n        <div class=\"counter-item\">\n            <i class=\"fa fa-check\"><\/i>\n            <h4 class=\"countup\">80<\/h4>\n            <p>Op\u00e9rations finalis\u00e9es avec succ\u00e8s<\/p>\n        <\/div>  \n\n        [\/vc_column][\/vc_row][vc_row][vc_column][vc_empty_space height=\u00a0\u00bb90px\u00a0\u00bb]\n        \n        <div class=\"main-heading text-center\">\n        <h5>Nos services<\/h5><h3>Notre expertise repose sur trois socles compl\u00e9mentaires.<\/h3>        <\/div>\n\n         [vc_empty_space height=\u00a0\u00bb70px\u00a0\u00bb][\/vc_column][\/vc_row][vc_row][vc_column width=\u00a0\u00bb1\/3&Prime;]        <div class=\"service-box\">\n            <i class=\"icon-image\"><\/i>\n            <h4>D\u00e9tection des opportunit\u00e9s<\/h4>\n            <p>Mandat de recherche d'acquisition<br \/>\npar abonnement annuel<\/p>\n        <\/div>\n\n        [\/vc_column][vc_column width=\u00a0\u00bb1\/3&Prime;]        <div class=\"service-box\">\n            <i class=\"icon-image\"><\/i>\n            <h4>Montage du dossier<\/h4>\n            <p>R\u00e9daction de l'offre en respect du cadre l\u00e9gal et de la coh\u00e9rence \u00e9conomique<\/p>\n        <\/div>\n\n        [\/vc_column][vc_column width=\u00a0\u00bb1\/3&Prime;]        <div class=\"service-box\">\n            <i class=\"icon-image\"><\/i>\n            <h4>D\u00e9fense de l'offre<\/h4>\n            <p>Accompagnement lors des rendez-vous et lors de l'audience.<\/p>\n        <\/div>\n\n        [\/vc_column][\/vc_row][vc_row][vc_column][vc_empty_space][\/vc_column][\/vc_row][vc_section][\/vc_section]<\/p>\n","protected":false},"excerpt":{"rendered":"&hellip;","protected":false},"author":1,"featured_media":1663,"parent":0,"menu_order":2,"comment_status":"closed","ping_status":"closed","template":"","meta":{"_mi_skip_tracking":false,"_exactmetrics_sitenote_active":false,"_exactmetrics_sitenote_note":"","_exactmetrics_sitenote_category":0},"_links":{"self":[{"href":"https:\/\/eg-opportunites.com\/index.php\/wp-json\/wp\/v2\/pages\/41"}],"collection":[{"href":"https:\/\/eg-opportunites.com\/index.php\/wp-json\/wp\/v2\/pages"}],"about":[{"href":"https:\/\/eg-opportunites.com\/index.php\/wp-json\/wp\/v2\/types\/page"}],"author":[{"embeddable":true,"href":"https:\/\/eg-opportunites.com\/index.php\/wp-json\/wp\/v2\/users\/1"}],"replies":[{"embeddable":true,"href":"https:\/\/eg-opportunites.com\/index.php\/wp-json\/wp\/v2\/comments?post=41"}],"version-history":[{"count":15,"href":"https:\/\/eg-opportunites.com\/index.php\/wp-json\/wp\/v2\/pages\/41\/revisions"}],"predecessor-version":[{"id":1671,"href":"https:\/\/eg-opportunites.com\/index.php\/wp-json\/wp\/v2\/pages\/41\/revisions\/1671"}],"wp:featuredmedia":[{"embeddable":true,"href":"https:\/\/eg-opportunites.com\/index.php\/wp-json\/wp\/v2\/media\/1663"}],"wp:attachment":[{"href":"https:\/\/eg-opportunites.com\/index.php\/wp-json\/wp\/v2\/media?parent=41"}],"curies":[{"name":"wp","href":"https:\/\/api.w.org\/{rel}","templated":true}]}}